{"id":20,"date":"2026-04-05T19:17:40","date_gmt":"2026-04-05T17:17:40","guid":{"rendered":"https:\/\/www.hogosha.se\/?page_id=20"},"modified":"2026-04-05T19:36:00","modified_gmt":"2026-04-05T17:36:00","slug":"bao-bjj","status":"publish","type":"page","link":"https:\/\/www.hogosha.se\/?page_id=20","title":{"rendered":"Bao BJJ"},"content":{"rendered":"\n<div class=\"wp-block-media-text alignwide is-stacked-on-mobile has-accent-1-color has-text-color has-background has-link-color wp-elements-f5b6c5c3fc84f7475341c6eaa23e99d4\" style=\"background-color:#b7aaab\"><figure class=\"wp-block-media-text__media\"><img loading=\"lazy\" decoding=\"async\" width=\"1024\" height=\"1024\" src=\"https:\/\/www.hogosha.se\/wp-content\/uploads\/2026\/04\/53845303-d58b-4815-a7d1-af17093ad662.png\" alt=\"\" class=\"wp-image-14 size-full\" srcset=\"https:\/\/www.hogosha.se\/wp-content\/uploads\/2026\/04\/53845303-d58b-4815-a7d1-af17093ad662.png 1024w, https:\/\/www.hogosha.se\/wp-content\/uploads\/2026\/04\/53845303-d58b-4815-a7d1-af17093ad662-300x300.png 300w, https:\/\/www.hogosha.se\/wp-content\/uploads\/2026\/04\/53845303-d58b-4815-a7d1-af17093ad662-150x150.png 150w, https:\/\/www.hogosha.se\/wp-content\/uploads\/2026\/04\/53845303-d58b-4815-a7d1-af17093ad662-768x768.png 768w\" sizes=\"auto, (max-width: 1024px) 100vw, 1024px\" \/><\/figure><div class=\"wp-block-media-text__content\">\n<h2 class=\"wp-block-heading\">BAO BJJ<\/h2>\n\n\n\n<p>William Isaksson \u00e4r v\u00e5r instrukt\u00f6r.<\/p>\n\n\n\n<h2 class=\"wp-block-heading\">Tr\u00e4ningstider<\/h2>\n\n\n\n<ul class=\"wp-block-list\">\n<li>Tisdagar 18:30 &#8211; 20:00<\/li>\n\n\n\n<li>S\u00f6ndagar 16:00 &#8211; 17:30<\/li>\n\n\n\n<li>\u00d6ppen matta???<\/li>\n<\/ul>\n\n\n\n<div class=\"wp-block-buttons is-content-justification-center is-layout-flex wp-container-core-buttons-is-layout-a89b3969 wp-block-buttons-is-layout-flex\">\n<div class=\"wp-block-button is-style-fill\"><a class=\"wp-block-button__link has-contrast-color has-accent-1-background-color has-text-color has-background has-link-color has-border-color has-accent-1-border-color wp-element-button\">Anm\u00e4l dig idag!<\/a><\/div>\n<\/div>\n<\/div><\/div>\n\n\n\n<p><\/p>\n","protected":false},"excerpt":{"rendered":"","protected":false},"author":1,"featured_media":0,"parent":8,"menu_order":4,"comment_status":"closed","ping_status":"closed","template":"","meta":{"footnotes":""},"class_list":["post-20","page","type-page","status-publish","hentry"],"_links":{"self":[{"href":"https:\/\/www.hogosha.se\/index.php?rest_route=\/wp\/v2\/pages\/20","targetHints":{"allow":["GET"]}}],"collection":[{"href":"https:\/\/www.hogosha.se\/index.php?rest_route=\/wp\/v2\/pages"}],"about":[{"href":"https:\/\/www.hogosha.se\/index.php?rest_route=\/wp\/v2\/types\/page"}],"author":[{"embeddable":true,"href":"https:\/\/www.hogosha.se\/index.php?rest_route=\/wp\/v2\/users\/1"}],"replies":[{"embeddable":true,"href":"https:\/\/www.hogosha.se\/index.php?rest_route=%2Fwp%2Fv2%2Fcomments&post=20"}],"version-history":[{"count":6,"href":"https:\/\/www.hogosha.se\/index.php?rest_route=\/wp\/v2\/pages\/20\/revisions"}],"predecessor-version":[{"id":37,"href":"https:\/\/www.hogosha.se\/index.php?rest_route=\/wp\/v2\/pages\/20\/revisions\/37"}],"up":[{"embeddable":true,"href":"https:\/\/www.hogosha.se\/index.php?rest_route=\/wp\/v2\/pages\/8"}],"wp:attachment":[{"href":"https:\/\/www.hogosha.se\/index.php?rest_route=%2Fwp%2Fv2%2Fmedia&parent=20"}],"curies":[{"name":"wp","href":"https:\/\/api.w.org\/{rel}","templated":true}]}}